{"id":71,"date":"2024-12-16T11:59:57","date_gmt":"2024-12-16T11:59:57","guid":{"rendered":"https:\/\/dialogues-code-commerce.parisnanterre.fr\/?page_id=71"},"modified":"2025-01-23T18:32:59","modified_gmt":"2025-01-23T18:32:59","slug":"informations-pratiques","status":"publish","type":"page","link":"https:\/\/dialogues-code-commerce.parisnanterre.fr\/index.php\/informations-pratiques\/","title":{"rendered":"Informations pratiques"},"content":{"rendered":"<p><\/p><style>.wp-block-kadence-spacer.kt-block-spacer-71_dff4ae-40 .kt-block-spacer{height:60px;}.wp-block-kadence-spacer.kt-block-spacer-71_dff4ae-40 .kt-divider{border-top-width:1px;height:1px;border-top-color:#eee;width:80%;border-top-style:solid;}<\/style>\n<div class=\"wp-block-kadence-spacer aligncenter kt-block-spacer-71_dff4ae-40\"><div class=\"kt-block-spacer kt-block-spacer-halign-center\"><\/div><\/div><style>.kb-row-layout-id71_cf9618-75 > .kt-row-column-wrap{align-content:start;}:where(.kb-row-layout-id71_cf9618-75 > .kt-row-column-wrap) > .wp-block-kadence-column{justify-content:start;}.kb-row-layout-id71_cf9618-75 > .kt-row-column-wrap{column-gap:var(--global-kb-gap-md, 2rem);row-gap:var(--global-kb-gap-md, 2rem);padding-top:var(--global-kb-spacing-sm, 1.5rem);padding-bottom:var(--global-kb-spacing-sm, 1.5rem);grid-template-columns:repeat(2, minmax(0, 1fr));}.kb-row-layout-id71_cf9618-75 > .kt-row-layout-overlay{opacity:0.30;}@media all and (max-width: 1024px){.kb-row-layout-id71_cf9618-75 > .kt-row-column-wrap{grid-template-columns:repeat(2, minmax(0, 1fr));}}@media all and (max-width: 767px){.kb-row-layout-id71_cf9618-75 > .kt-row-column-wrap{grid-template-columns:minmax(0, 1fr);}}<\/style><div class=\"kb-row-layout-wrap kb-row-layout-id71_cf9618-75 alignnone wp-block-kadence-rowlayout\"><div class=\"kt-row-column-wrap kt-has-2-columns kt-row-layout-equal kt-tab-layout-inherit kt-mobile-layout-row kt-row-valign-top\">\n<style>.kadence-column71_3f00cd-c0 > .kt-inside-inner-col,.kadence-column71_3f00cd-c0 > .kt-inside-inner-col:before{border-top-left-radius:0px;border-top-right-radius:0px;border-bottom-right-radius:0px;border-bottom-left-radius:0px;}.kadence-column71_3f00cd-c0 > .kt-inside-inner-col{column-gap:var(--global-kb-gap-sm, 1rem);}.kadence-column71_3f00cd-c0 > .kt-inside-inner-col{flex-direction:column;}.kadence-column71_3f00cd-c0 > .kt-inside-inner-col > .aligncenter{width:100%;}.kadence-column71_3f00cd-c0 > .kt-inside-inner-col:before{opacity:0.3;}.kadence-column71_3f00cd-c0{position:relative;}@media all and (max-width: 1024px){.kadence-column71_3f00cd-c0 > .kt-inside-inner-col{flex-direction:column;justify-content:center;}}@media all and (max-width: 767px){.kadence-column71_3f00cd-c0 > .kt-inside-inner-col{flex-direction:column;justify-content:center;}}<\/style>\n<div class=\"wp-block-kadence-column kadence-column71_3f00cd-c0\"><div class=\"kt-inside-inner-col\"><style>.wp-block-kadence-column.kb-section-dir-horizontal > .kt-inside-inner-col > .kt-info-box71_6fc161-49 .kt-blocks-info-box-link-wrap{max-width:unset;}.kt-info-box71_6fc161-49 .kt-blocks-info-box-link-wrap{border-top:5px solid var(--global-palette7, #eeeeee);border-right:5px solid var(--global-palette7, #eeeeee);border-bottom:5px solid var(--global-palette7, #eeeeee);border-left:5px solid var(--global-palette7, #eeeeee);background:#ffffff;padding-top:var(--global-kb-spacing-sm, 1.5rem);padding-right:var(--global-kb-spacing-sm, 1.5rem);padding-bottom:var(--global-kb-spacing-sm, 1.5rem);padding-left:var(--global-kb-spacing-sm, 1.5rem);margin-top:50px;}.kt-info-box71_6fc161-49 .kadence-info-box-icon-container .kt-info-svg-icon, .kt-info-box71_6fc161-49 .kt-info-svg-icon-flip, .kt-info-box71_6fc161-49 .kt-blocks-info-box-number{font-size:50px;}.kt-info-box71_6fc161-49 .kt-blocks-info-box-media{background:#ffffff;border-color:var(--global-palette7, #eeeeee);border-top-width:5px;border-right-width:5px;border-bottom-width:5px;border-left-width:5px;padding-top:20px;padding-right:20px;padding-bottom:20px;padding-left:20px;}.kt-info-box71_6fc161-49 .kt-blocks-info-box-media-container{margin-top:-75px;margin-right:0px;margin-bottom:20px;margin-left:0px;}.kt-info-box71_6fc161-49 .kt-infobox-textcontent h2.kt-blocks-info-box-title{padding-top:0px;padding-right:0px;padding-bottom:0px;padding-left:0px;margin-top:5px;margin-right:0px;margin-bottom:10px;margin-left:0px;}.kt-info-box71_6fc161-49 .kt-blocks-info-box-learnmore{background:transparent;border-width:0px 0px 0px 0px;padding-top:4px;padding-right:8px;padding-bottom:4px;padding-left:8px;margin-top:10px;margin-right:0px;margin-bottom:10px;margin-left:0px;}@media all and (max-width: 1024px){.kt-info-box71_6fc161-49 .kt-blocks-info-box-link-wrap{border-top:5px solid var(--global-palette7, #eeeeee);border-right:5px solid var(--global-palette7, #eeeeee);border-bottom:5px solid var(--global-palette7, #eeeeee);border-left:5px solid var(--global-palette7, #eeeeee);}}@media all and (max-width: 767px){.kt-info-box71_6fc161-49 .kt-blocks-info-box-link-wrap{border-top:5px solid var(--global-palette7, #eeeeee);border-right:5px solid var(--global-palette7, #eeeeee);border-bottom:5px solid var(--global-palette7, #eeeeee);border-left:5px solid var(--global-palette7, #eeeeee);}}<\/style>\n<div class=\"wp-block-kadence-infobox kt-info-box71_6fc161-49\"><span class=\"kt-blocks-info-box-link-wrap info-box-link kt-blocks-info-box-media-align-top kt-info-halign-left\"><div class=\"kt-blocks-info-box-media-container\"><div class=\"kt-blocks-info-box-media kt-info-media-animate-none\"><div class=\"kadence-info-box-icon-container kt-info-icon-animate-none\"><div class=\"kadence-info-box-icon-inner-container\"><span class=\"kb-svg-icon-wrap kb-svg-icon-fe_aperture kt-info-svg-icon\"><svg viewBox=\"0 0 24 24\"  fill=\"none\" stroke=\"currentColor\" stroke-width=\"2\" stroke-linecap=\"round\" stroke-linejoin=\"round\" xmlns=\"http:\/\/www.w3.org\/2000\/svg\"  aria-hidden=\"true\"><circle cx=\"12\" cy=\"12\" r=\"10\"\/><line x1=\"14.31\" y1=\"8\" x2=\"20.05\" y2=\"17.94\"\/><line x1=\"9.69\" y1=\"8\" x2=\"21.17\" y2=\"8\"\/><line x1=\"7.38\" y1=\"12\" x2=\"13.12\" y2=\"2.06\"\/><line x1=\"9.69\" y1=\"16\" x2=\"3.95\" y2=\"6.06\"\/><line x1=\"14.31\" y1=\"16\" x2=\"2.83\" y2=\"16\"\/><line x1=\"16.62\" y1=\"12\" x2=\"10.88\" y2=\"21.94\"\/><\/svg><\/span><\/div><\/div><\/div><\/div><div class=\"kt-infobox-textcontent\"><h2 class=\"kt-blocks-info-box-title\">Acc\u00e8s et transports<\/h2><p class=\"kt-blocks-info-box-text\"><strong>RER A<\/strong> (vers&nbsp;Saint-Germain-en-Laye) : station&nbsp;<strong>Nanterre Universit\u00e9<\/strong><br><strong>Ligne L<\/strong> (vers&nbsp;Cergy-le-Haut) : station&nbsp;<strong>Nanterre Universit\u00e9<\/strong><br><br><a href=\"https:\/\/www.google.com\/maps\/dir\/Pl.+du+Ch%C3%A2telet,+Paris\/Universit%C3%A9+Paris+Nanterre,+200+Av.+de+la+R%C3%A9publique,+92000+Nanterre\/@48.885592,2.1878711,12z\/data=!3m1!4b1!4m14!4m13!1m5!1m1!1s0x47e66e1fb53cd901:0x2b4417804cc0c1d!2m2!1d2.3469889!2d48.8575837!1m5!1m1!1s0x47e66466ab41d5e7:0x45694d7dfbad7f55!2m2!1d2.2134635!2d48.9038963!3e3?entry=ttu&amp;g_ep=EgoyMDI0MTIxMS4wIKXMDSoASAFQAw%3D%3D\" target=\"_blank\" rel=\"noreferrer noopener\">itin\u00e9raire<\/a><br><\/p><\/div><\/span><\/div><\/div><\/div>\n\n<style>.kadence-column71_57459c-22 > .kt-inside-inner-col,.kadence-column71_57459c-22 > .kt-inside-inner-col:before{border-top-left-radius:0px;border-top-right-radius:0px;border-bottom-right-radius:0px;border-bottom-left-radius:0px;}.kadence-column71_57459c-22 > .kt-inside-inner-col{column-gap:var(--global-kb-gap-sm, 1rem);}.kadence-column71_57459c-22 > .kt-inside-inner-col{flex-direction:column;}.kadence-column71_57459c-22 > .kt-inside-inner-col > .aligncenter{width:100%;}.kadence-column71_57459c-22 > .kt-inside-inner-col:before{opacity:0.3;}.kadence-column71_57459c-22{position:relative;}@media all and (max-width: 1024px){.kadence-column71_57459c-22 > .kt-inside-inner-col{flex-direction:column;justify-content:center;}}@media all and (max-width: 767px){.kadence-column71_57459c-22 > .kt-inside-inner-col{flex-direction:column;justify-content:center;}}<\/style>\n<div class=\"wp-block-kadence-column kadence-column71_57459c-22\"><div class=\"kt-inside-inner-col\"><style>.wp-block-kadence-column.kb-section-dir-horizontal > .kt-inside-inner-col > .kt-info-box71_69512d-7b .kt-blocks-info-box-link-wrap{max-width:unset;}.kt-info-box71_69512d-7b .kt-blocks-info-box-link-wrap{border-top:5px solid var(--global-palette7, #eeeeee);border-right:5px solid var(--global-palette7, #eeeeee);border-bottom:5px solid var(--global-palette7, #eeeeee);border-left:5px solid var(--global-palette7, #eeeeee);background:#ffffff;padding-top:var(--global-kb-spacing-sm, 1.5rem);padding-right:var(--global-kb-spacing-sm, 1.5rem);padding-bottom:var(--global-kb-spacing-sm, 1.5rem);padding-left:var(--global-kb-spacing-sm, 1.5rem);margin-top:50px;}.kt-info-box71_69512d-7b .kadence-info-box-icon-container .kt-info-svg-icon, .kt-info-box71_69512d-7b .kt-info-svg-icon-flip, .kt-info-box71_69512d-7b .kt-blocks-info-box-number{font-size:50px;}.kt-info-box71_69512d-7b .kt-blocks-info-box-media{background:#ffffff;border-color:var(--global-palette7, #eeeeee);border-top-width:5px;border-right-width:5px;border-bottom-width:5px;border-left-width:5px;padding-top:20px;padding-right:20px;padding-bottom:20px;padding-left:20px;}.kt-info-box71_69512d-7b .kt-blocks-info-box-media-container{margin-top:-75px;margin-right:0px;margin-bottom:20px;margin-left:0px;}.kt-info-box71_69512d-7b .kt-infobox-textcontent h2.kt-blocks-info-box-title{padding-top:0px;padding-right:0px;padding-bottom:0px;padding-left:0px;margin-top:5px;margin-right:0px;margin-bottom:10px;margin-left:0px;}.kt-info-box71_69512d-7b .kt-blocks-info-box-learnmore{background:transparent;border-width:0px 0px 0px 0px;padding-top:4px;padding-right:8px;padding-bottom:4px;padding-left:8px;margin-top:10px;margin-right:0px;margin-bottom:10px;margin-left:0px;}@media all and (max-width: 1024px){.kt-info-box71_69512d-7b .kt-blocks-info-box-link-wrap{border-top:5px solid var(--global-palette7, #eeeeee);border-right:5px solid var(--global-palette7, #eeeeee);border-bottom:5px solid var(--global-palette7, #eeeeee);border-left:5px solid var(--global-palette7, #eeeeee);}}@media all and (max-width: 767px){.kt-info-box71_69512d-7b .kt-blocks-info-box-link-wrap{border-top:5px solid var(--global-palette7, #eeeeee);border-right:5px solid var(--global-palette7, #eeeeee);border-bottom:5px solid var(--global-palette7, #eeeeee);border-left:5px solid var(--global-palette7, #eeeeee);}}<\/style>\n<div class=\"wp-block-kadence-infobox kt-info-box71_69512d-7b\"><span class=\"kt-blocks-info-box-link-wrap info-box-link kt-blocks-info-box-media-align-top kt-info-halign-left\"><div class=\"kt-blocks-info-box-media-container\"><div class=\"kt-blocks-info-box-media kt-info-media-animate-none\"><div class=\"kadence-info-box-icon-container kt-info-icon-animate-none\"><div class=\"kadence-info-box-icon-inner-container\"><span class=\"kb-svg-icon-wrap kb-svg-icon-fe_atSign kt-info-svg-icon\"><svg viewBox=\"0 0 24 24\"  fill=\"none\" stroke=\"currentColor\" stroke-width=\"2\" stroke-linecap=\"round\" stroke-linejoin=\"round\" xmlns=\"http:\/\/www.w3.org\/2000\/svg\"  aria-hidden=\"true\"><circle cx=\"12\" cy=\"12\" r=\"4\"\/><path d=\"M16 8v5a3 3 0 0 0 6 0v-1a10 10 0 1 0-3.92 7.94\"\/><\/svg><\/span><\/div><\/div><\/div><\/div><div class=\"kt-infobox-textcontent\"><h2 class=\"kt-blocks-info-box-title\">Contacts<\/h2><p class=\"kt-blocks-info-box-text\">Madame Sophie Trabon, <em>Gestionnaire<\/em> : sophie.trabon@parisnanterre.fr<br>Madame Maud Laroche, <em>Professeur<\/em> : m.laroche@parisnanterre.fr<br><br><a href=\"https:\/\/cedcace.parisnanterre.fr\">https:\/\/cedcace.parisnanterre.fr<\/a><\/p><\/div><\/span><\/div><\/div><\/div>\n<\/div><\/div><p class=\"has-text-align-center has-medium-font-size\"><strong>Universit\u00e9 Paris Nanterre &#8211; amphith\u00e9\u00e2tre du b\u00e2timent Max WEBER<\/strong><\/p><style>.wp-block-kadence-spacer.kt-block-spacer-71_7c773f-0f .kt-block-spacer{height:40px;}.wp-block-kadence-spacer.kt-block-spacer-71_7c773f-0f .kt-divider{border-top-width:1px;height:1px;border-top-color:#eee;width:80%;border-top-style:solid;}<\/style>\n<div class=\"wp-block-kadence-spacer aligncenter kt-block-spacer-71_7c773f-0f\"><div class=\"kt-block-spacer kt-block-spacer-halign-center\"><hr class=\"kt-divider\"\/><\/div><\/div><figure class=\"wp-block-image size-large\"><img loading=\"lazy\" decoding=\"async\" width=\"1024\" height=\"719\" src=\"https:\/\/dialogues-code-commerce.parisnanterre.fr\/wp-content\/uploads\/2024\/12\/Pan-du-campus-de-Nanterre-Universite-1024x719.jpg\" alt=\"\" class=\"wp-image-139\" srcset=\"https:\/\/dialogues-code-commerce.parisnanterre.fr\/wp-content\/uploads\/2024\/12\/Pan-du-campus-de-Nanterre-Universite-1024x719.jpg 1024w, https:\/\/dialogues-code-commerce.parisnanterre.fr\/wp-content\/uploads\/2024\/12\/Pan-du-campus-de-Nanterre-Universite-300x211.jpg 300w, https:\/\/dialogues-code-commerce.parisnanterre.fr\/wp-content\/uploads\/2024\/12\/Pan-du-campus-de-Nanterre-Universite-768x539.jpg 768w, https:\/\/dialogues-code-commerce.parisnanterre.fr\/wp-content\/uploads\/2024\/12\/Pan-du-campus-de-Nanterre-Universite-600x421.jpg 600w, https:\/\/dialogues-code-commerce.parisnanterre.fr\/wp-content\/uploads\/2024\/12\/Pan-du-campus-de-Nanterre-Universite.jpg 1250w\" sizes=\"auto, (max-width: 1024px) 100vw, 1024px\" \/><\/figure><style>.wp-block-kadence-spacer.kt-block-spacer-71_d4102e-10 .kt-block-spacer{height:20px;}.wp-block-kadence-spacer.kt-block-spacer-71_d4102e-10 .kt-divider{border-top-width:1px;height:1px;border-top-color:#eee;width:80%;border-top-style:solid;}<\/style>\n<div class=\"wp-block-kadence-spacer aligncenter kt-block-spacer-71_d4102e-10\"><div class=\"kt-block-spacer kt-block-spacer-halign-center\"><hr class=\"kt-divider\"\/><\/div><\/div><div class=\"wp-block-image\"><figure class=\"aligncenter size-large\"><img loading=\"lazy\" decoding=\"async\" width=\"1024\" height=\"262\" src=\"https:\/\/dialogues-code-commerce.parisnanterre.fr\/wp-content\/uploads\/2024\/12\/PANO-Amphi-Weber-Bat.-Weber-1024x262.jpg\" alt=\"\" class=\"wp-image-157\" srcset=\"https:\/\/dialogues-code-commerce.parisnanterre.fr\/wp-content\/uploads\/2024\/12\/PANO-Amphi-Weber-Bat.-Weber-1024x262.jpg 1024w, https:\/\/dialogues-code-commerce.parisnanterre.fr\/wp-content\/uploads\/2024\/12\/PANO-Amphi-Weber-Bat.-Weber-300x77.jpg 300w, https:\/\/dialogues-code-commerce.parisnanterre.fr\/wp-content\/uploads\/2024\/12\/PANO-Amphi-Weber-Bat.-Weber-768x196.jpg 768w, https:\/\/dialogues-code-commerce.parisnanterre.fr\/wp-content\/uploads\/2024\/12\/PANO-Amphi-Weber-Bat.-Weber-600x153.jpg 600w, https:\/\/dialogues-code-commerce.parisnanterre.fr\/wp-content\/uploads\/2024\/12\/PANO-Amphi-Weber-Bat.-Weber.jpg 1300w\" sizes=\"auto, (max-width: 1024px) 100vw, 1024px\" \/><\/figure><\/div>","protected":false},"excerpt":{"rendered":"<p>Universit\u00e9 Paris Nanterre &#8211; amphith\u00e9\u00e2tre du b\u00e2timent Max WEBER<\/p>\n","protected":false},"author":1,"featured_media":106,"parent":0,"menu_order":0,"comment_status":"closed","ping_status":"closed","template":"","meta":{"_kad_blocks_custom_css":"","_kad_blocks_head_custom_js":"","_kad_blocks_body_custom_js":"","_kad_blocks_footer_custom_js":"","_kadence_starter_templates_imported_post":false,"_kad_post_transparent":"","_kad_post_title":"","_kad_post_layout":"","_kad_post_sidebar_id":"","_kad_post_content_style":"","_kad_post_vertical_padding":"","_kad_post_feature":"","_kad_post_feature_position":"","_kad_post_header":false,"_kad_post_footer":false,"footnotes":""},"class_list":["post-71","page","type-page","status-publish","has-post-thumbnail","hentry"],"taxonomy_info":[],"featured_image_src_large":["https:\/\/dialogues-code-commerce.parisnanterre.fr\/wp-content\/uploads\/2024\/12\/illustration_colloque_code_commerce-1024x615.jpg",1024,615,true],"author_info":{"display_name":"admin","author_link":"https:\/\/dialogues-code-commerce.parisnanterre.fr\/index.php\/author\/mlaroche\/"},"comment_info":0,"_links":{"self":[{"href":"https:\/\/dialogues-code-commerce.parisnanterre.fr\/index.php\/wp-json\/wp\/v2\/pages\/71","targetHints":{"allow":["GET"]}}],"collection":[{"href":"https:\/\/dialogues-code-commerce.parisnanterre.fr\/index.php\/wp-json\/wp\/v2\/pages"}],"about":[{"href":"https:\/\/dialogues-code-commerce.parisnanterre.fr\/index.php\/wp-json\/wp\/v2\/types\/page"}],"author":[{"embeddable":true,"href":"https:\/\/dialogues-code-commerce.parisnanterre.fr\/index.php\/wp-json\/wp\/v2\/users\/1"}],"replies":[{"embeddable":true,"href":"https:\/\/dialogues-code-commerce.parisnanterre.fr\/index.php\/wp-json\/wp\/v2\/comments?post=71"}],"version-history":[{"count":19,"href":"https:\/\/dialogues-code-commerce.parisnanterre.fr\/index.php\/wp-json\/wp\/v2\/pages\/71\/revisions"}],"predecessor-version":[{"id":273,"href":"https:\/\/dialogues-code-commerce.parisnanterre.fr\/index.php\/wp-json\/wp\/v2\/pages\/71\/revisions\/273"}],"wp:featuredmedia":[{"embeddable":true,"href":"https:\/\/dialogues-code-commerce.parisnanterre.fr\/index.php\/wp-json\/wp\/v2\/media\/106"}],"wp:attachment":[{"href":"https:\/\/dialogues-code-commerce.parisnanterre.fr\/index.php\/wp-json\/wp\/v2\/media?parent=71"}],"curies":[{"name":"wp","href":"https:\/\/api.w.org\/{rel}","templated":true}]}}