{"id":80,"date":"2024-12-16T12:12:37","date_gmt":"2024-12-16T12:12:37","guid":{"rendered":"https:\/\/dialogues-code-commerce.parisnanterre.fr\/?page_id=80"},"modified":"2025-01-15T19:54:45","modified_gmt":"2025-01-15T19:54:45","slug":"programme","status":"publish","type":"page","link":"https:\/\/dialogues-code-commerce.parisnanterre.fr\/index.php\/programme\/","title":{"rendered":"Programme"},"content":{"rendered":"<h2 class=\"wp-block-heading has-text-align-center\">Programme du colloque Dialogues au sein du code de commerce <\/h2><p class=\"has-text-align-center has-medium-font-size\"><strong>\u2013 Illustrations \u00e0 partir du livre VI \u2013&nbsp;<\/strong><\/p><p class=\"has-text-align-right\"><strong>le 18 mars 2025<\/strong><\/p><p class=\"has-text-align-right\"><strong>Universit\u00e9 Paris Nanterre, amphith\u00e9\u00e2tre Max Weber&nbsp;<\/strong><\/p><p>8h30 \u2013 Accueil&nbsp;&nbsp;<\/p><p>8h45 \u2013 Mot d\u2019accueil&nbsp;<\/p><p>9h00 &#8211; Propos introductif :<strong> Maud Laroche<\/strong>, Professeur \u00e0 l\u2019universit\u00e9 Paris Nanterre&nbsp;<\/p><p>9h15 \u2013 Le regard du minist\u00e8re : <strong>Xavier Cl\u00e9mence<\/strong>, chef du bureau du droit de l&#8217;\u00e9conomie des&nbsp; entreprises&nbsp;<\/p><h3 class=\"wp-block-heading has-text-align-center\"><strong>I &#8211; Quand les livres du code de commerce interagissent&nbsp;<\/strong><\/h3><h4 class=\"wp-block-heading\">Le livre VI comme laboratoire : livre VI et livres I, II et VII&nbsp;<\/h4><p class=\"has-text-align-right\">Pr\u00e9sidence : <strong>F P\u00e9rochon<\/strong>, Professeur \u00e9m\u00e9rite de l\u2019universit\u00e9 de Montpellier&nbsp;<\/p><ul class=\"wp-block-list\"><li><em>9h40-10h &#8211; L\u2019extension des r\u00e8gles applicables aux commer\u00e7ants par l\u2019application des r\u00e8gles de&nbsp; traitement des difficult\u00e9s de l\u2019entreprise <\/em>\u2013 <strong>Marie-H\u00e9l\u00e8ne Mons\u00e8ri\u00e9-Bon<\/strong>, Professeur \u00e0 l\u2019universit\u00e9&nbsp; Paris Panth\u00e9on-Assas&nbsp;<\/li>\n\n<li><em>10h-10h20 &#8211; La mise en \u0153uvre du livre VI : lieu d\u2019exp\u00e9rimentation pour la justice commerciale &#8211; <\/em><strong>Pierre Cagnoli<\/strong>, Professeur \u00e0 l\u2019universit\u00e9 Nice C\u00f4te d\u2019azur&nbsp;<\/li>\n\n<li><em>10h20-10h40 &#8211; Le groupe de soci\u00e9t\u00e9s, d\u00e9j\u00e0 une r\u00e9alit\u00e9 du droit des entreprises en difficult\u00e9 : des pistes pour le droit des soci\u00e9t\u00e9s ? &#8211; <\/em><strong>David Robine<\/strong>, Professeur \u00e0 l\u2019universit\u00e9 de Bordeaux\u00a0<\/li>\n\n<li><em>10h40-11h Discussion et pause&nbsp;<\/em><\/li><\/ul><h4 class=\"wp-block-heading\"><strong>Des coordinations au succ\u00e8s variable : livre VI et livres I, II et V&nbsp;<\/strong><\/h4><p class=\"has-text-align-right\">Pr\u00e9sidence :<strong> Benoit Lecourt<\/strong>, Professeur \u00e0 l\u2019universit\u00e9 Paris Nanterre&nbsp;<\/p><ul class=\"wp-block-list\"><li><em>11h-11h20 &#8211; Le bail commercial : exemple de compatibilit\u00e9 organis\u00e9e &#8211; <\/em><strong>Arnaud Thomas<\/strong>, Docteur\u00a0 en droit, Avocat, ATER \u00e0 l\u2019universit\u00e9 Paris Nanterre\u00a0<\/li>\n\n<li><em>11h20-11h40 &#8211; Les d\u00e9cisions relatives au sort de la soci\u00e9t\u00e9 en difficult\u00e9 : un juste \u00e9quilibre ? \u2013 <\/em><strong>Olivier Maraud<\/strong>, Ma\u00eetre de conf\u00e9rences \u00e0 l\u2019universit\u00e9 de Strasbourg\u00a0<\/li>\n\n<li><em>11h40-12h &#8211; \u00c9vincer les effets du livre VI par la cr\u00e9ation du statut de l\u2019EI : les le\u00e7ons d\u2019un \u00e9chec &#8211; <\/em><strong>Jocelyne Vallansan<\/strong>, Magistrat honoraire&nbsp;<\/li>\n\n<li>12h-12h20 &#8211; <em>Discussion&nbsp;<\/em><\/li><\/ul><style>.wp-block-kadence-spacer.kt-block-spacer-80_f48c93-31 .kt-block-spacer{height:60px;}.wp-block-kadence-spacer.kt-block-spacer-80_f48c93-31 .kt-divider-stripe{height:1px;width:80%;}<\/style>\n<div class=\"wp-block-kadence-spacer aligncenter kt-block-spacer-80_f48c93-31\"><div class=\"kt-block-spacer kt-block-spacer-halign-center\"><span class=\"kt-divider-stripe\"><svg xmlns=\"http:\/\/www.w3.org\/2000\/svg\" width=\"100%\" height=\"100%\" class=\"kb-pattern-svg-divider kb-stripes-svg\"><defs><pattern id=\"pat80_f48c93-31\" width=\"7\" height=\"7\" patternTransform=\"rotate(40)\" patternUnits=\"userSpaceOnUse\"><line x1=\"0\" y=\"0\" x2=\"0\" y2=\"7\" stroke=\"#eee\" stroke-width=\"4\"><\/line><\/pattern><\/defs><rect width=\"100%\" height=\"100%\" fill=\"url(#pat80_f48c93-31)\" opacity=\"1\"><\/rect><\/svg><\/span><\/div><\/div><p class=\"has-text-align-center has-large-font-size\"><em>Pause d\u00e9jeuner<\/em><\/p><style>.wp-block-kadence-spacer.kt-block-spacer-80_3f14ae-6f .kt-block-spacer{height:60px;}.wp-block-kadence-spacer.kt-block-spacer-80_3f14ae-6f .kt-divider-stripe{height:1px;width:80%;}<\/style>\n<div class=\"wp-block-kadence-spacer aligncenter kt-block-spacer-80_3f14ae-6f\"><div class=\"kt-block-spacer kt-block-spacer-halign-center\"><span class=\"kt-divider-stripe\"><svg xmlns=\"http:\/\/www.w3.org\/2000\/svg\" width=\"100%\" height=\"100%\" class=\"kb-pattern-svg-divider kb-stripes-svg\"><defs><pattern id=\"pat80_3f14ae-6f\" width=\"7\" height=\"7\" patternTransform=\"rotate(40)\" patternUnits=\"userSpaceOnUse\"><line x1=\"0\" y=\"0\" x2=\"0\" y2=\"7\" stroke=\"#eee\" stroke-width=\"4\"><\/line><\/pattern><\/defs><rect width=\"100%\" height=\"100%\" fill=\"url(#pat80_3f14ae-6f)\" opacity=\"1\"><\/rect><\/svg><\/span><\/div><\/div><h3 class=\"wp-block-heading\"><strong>II &#8211; Quand les livres du code de commerce s\u2019ignorent <\/strong><strong>&nbsp;<\/strong><\/h3><h4 class=\"wp-block-heading\"><strong>Coordination l\u00e9gale minimaliste : livre VI et livres I et III<\/strong><strong>&nbsp;<\/strong><\/h4><p class=\"has-text-align-right\">Pr\u00e9sidence : <strong>Marie-Laure Coquelet<\/strong>, Professeur \u00e0 l\u2019universit\u00e9 Paris Panth\u00e9on-Assas&nbsp;<\/p><ul class=\"wp-block-list\"><li><em>14h30-14h50 &#8211; Le fonds de commerce, grand absent du livre VI <\/em>&#8211; <strong>Arnaud Reygrobellet<\/strong>, Professeur&nbsp; \u00e0 l\u2019universit\u00e9 Paris Nanterre&nbsp;<\/li>\n\n<li><em>14h50-15h10 &#8211; La r\u00e9alisation des actifs par ench\u00e8res publiques : suffit-il de renvoyer ? <\/em>\u2013 <strong>Laurence Mauger-Vielpeau<\/strong>, Professeur \u00e0 l\u2019universit\u00e9 Caen Normandie&nbsp;<\/li>\n\n<li><em>15h10-15h30 &#8211; Traitement des difficult\u00e9s de l\u2019entreprise entre publicit\u00e9s et secrets <\/em>\u2013 <strong>V\u00e9ronique Martineau Bourgninaud<\/strong>, Professeur \u00e0 l\u2019universit\u00e9 de Lille&nbsp;<\/li>\n\n<li><em>15h30-15h50 &#8211; Discussion et Pause&nbsp;<\/em><\/li><\/ul><h4 class=\"wp-block-heading\"><strong>Coexistence de fait : livre VI et livre IV<\/strong><strong>&nbsp;<\/strong><\/h4><p class=\"has-text-align-right\">Pr\u00e9sidence : <strong>Corinne Saint-Alary-Houin<\/strong>, Professeur \u00e9m\u00e9rite de l\u2019universit\u00e9 Toulouse Capitole&nbsp;<\/p><ul class=\"wp-block-list\"><li><em>15h50-16h10 &#8211; Les concentrations d\u2019entreprises et la reprise de l\u2019entreprise en difficult\u00e9 : la&nbsp; jurisprudence au soutien de la coordination des r\u00e8gles <\/em>&#8211; <strong>Anne-Sophie Chon\u00e9-Grimaldi<\/strong>, Professeur \u00e0 l\u2019universit\u00e9 Paris Nanterre&nbsp;<\/li>\n\n<li><em>16h10-16h30 &#8211; Rebond du d\u00e9biteur et principe de concurrence : d\u00e9passer une incompatibilit\u00e9\u00a0 fondamentale ? <\/em>\u2013 <strong>Muriel Chagny<\/strong>, Professeur \u00e0 l\u2019universit\u00e9 Versailles-Saint-Quentin-en-Yvelines<\/li>\n\n<li><em>16h30-16h40 &#8211; Discussion&nbsp;<\/em><\/li><\/ul><p>16h40-17h &#8211; <em>Propos conclusif <\/em>: <strong>Antoine Diesbecq<\/strong>, Avocat associ\u00e9 Racine, Pr\u00e9sident de Droit &amp; Commerce<\/p><p><\/p>","protected":false},"excerpt":{"rendered":"<p>Programme du colloque Dialogues au sein du code de commerce \u2013 Illustrations \u00e0 partir du livre VI \u2013&nbsp; le 18 mars 2025 Universit\u00e9 Paris Nanterre, amphith\u00e9\u00e2tre Max Weber&nbsp; 8h30 \u2013 Accueil&nbsp;&nbsp; 8h45 \u2013 Mot d\u2019accueil&nbsp; 9h00 &#8211; Propos introductif : Maud Laroche, Professeur \u00e0 l\u2019universit\u00e9 Paris Nanterre&nbsp; 9h15 \u2013 Le regard du minist\u00e8re : Xavier&#8230;<\/p>\n","protected":false},"author":1,"featured_media":106,"parent":0,"menu_order":0,"comment_status":"closed","ping_status":"closed","template":"","meta":{"_kad_blocks_custom_css":"","_kad_blocks_head_custom_js":"","_kad_blocks_body_custom_js":"","_kad_blocks_footer_custom_js":"","_kadence_starter_templates_imported_post":false,"_kad_post_transparent":"","_kad_post_title":"","_kad_post_layout":"","_kad_post_sidebar_id":"","_kad_post_content_style":"","_kad_post_vertical_padding":"","_kad_post_feature":"","_kad_post_feature_position":"","_kad_post_header":false,"_kad_post_footer":false,"footnotes":""},"class_list":["post-80","page","type-page","status-publish","has-post-thumbnail","hentry"],"taxonomy_info":[],"featured_image_src_large":["https:\/\/dialogues-code-commerce.parisnanterre.fr\/wp-content\/uploads\/2024\/12\/illustration_colloque_code_commerce-1024x615.jpg",1024,615,true],"author_info":{"display_name":"admin","author_link":"https:\/\/dialogues-code-commerce.parisnanterre.fr\/index.php\/author\/mlaroche\/"},"comment_info":0,"_links":{"self":[{"href":"https:\/\/dialogues-code-commerce.parisnanterre.fr\/index.php\/wp-json\/wp\/v2\/pages\/80","targetHints":{"allow":["GET"]}}],"collection":[{"href":"https:\/\/dialogues-code-commerce.parisnanterre.fr\/index.php\/wp-json\/wp\/v2\/pages"}],"about":[{"href":"https:\/\/dialogues-code-commerce.parisnanterre.fr\/index.php\/wp-json\/wp\/v2\/types\/page"}],"author":[{"embeddable":true,"href":"https:\/\/dialogues-code-commerce.parisnanterre.fr\/index.php\/wp-json\/wp\/v2\/users\/1"}],"replies":[{"embeddable":true,"href":"https:\/\/dialogues-code-commerce.parisnanterre.fr\/index.php\/wp-json\/wp\/v2\/comments?post=80"}],"version-history":[{"count":9,"href":"https:\/\/dialogues-code-commerce.parisnanterre.fr\/index.php\/wp-json\/wp\/v2\/pages\/80\/revisions"}],"predecessor-version":[{"id":254,"href":"https:\/\/dialogues-code-commerce.parisnanterre.fr\/index.php\/wp-json\/wp\/v2\/pages\/80\/revisions\/254"}],"wp:featuredmedia":[{"embeddable":true,"href":"https:\/\/dialogues-code-commerce.parisnanterre.fr\/index.php\/wp-json\/wp\/v2\/media\/106"}],"wp:attachment":[{"href":"https:\/\/dialogues-code-commerce.parisnanterre.fr\/index.php\/wp-json\/wp\/v2\/media?parent=80"}],"curies":[{"name":"wp","href":"https:\/\/api.w.org\/{rel}","templated":true}]}}