{"id":83,"date":"2024-12-16T12:15:27","date_gmt":"2024-12-16T12:15:27","guid":{"rendered":"https:\/\/dialogues-code-commerce.parisnanterre.fr\/?page_id=83"},"modified":"2025-01-23T18:35:38","modified_gmt":"2025-01-23T18:35:38","slug":"dialogues-au-sein-du-code-de-commerce","status":"publish","type":"page","link":"https:\/\/dialogues-code-commerce.parisnanterre.fr\/","title":{"rendered":"Dialogues au sein du code de commerce\u00a0"},"content":{"rendered":"<style>.wp-block-kadence-spacer.kt-block-spacer-83_fcc34f-4e .kt-block-spacer{height:30px;}.wp-block-kadence-spacer.kt-block-spacer-83_fcc34f-4e .kt-divider{border-top-width:1px;height:1px;border-top-color:#eee;width:80%;border-top-style:solid;}<\/style>\n<div class=\"wp-block-kadence-spacer aligncenter kt-block-spacer-83_fcc34f-4e\"><div class=\"kt-block-spacer kt-block-spacer-halign-center\"><\/div><\/div><style>.kb-row-layout-id83_e382f9-7f > .kt-row-column-wrap{align-content:start;}:where(.kb-row-layout-id83_e382f9-7f > .kt-row-column-wrap) > .wp-block-kadence-column{justify-content:start;}.kb-row-layout-id83_e382f9-7f > .kt-row-column-wrap{column-gap:var(--global-kb-gap-sm, 1rem);row-gap:var(--global-kb-gap-md, 2rem);padding-top:var(--global-kb-spacing-sm, 1.5rem);padding-bottom:var(--global-kb-spacing-sm, 1.5rem);grid-template-columns:minmax(0, calc(20% - ((var(--global-kb-gap-sm, 1rem) * 2 )\/3)))minmax(0, calc(60% - ((var(--global-kb-gap-sm, 1rem) * 2 )\/3)))minmax(0, calc(20% - ((var(--global-kb-gap-sm, 1rem) * 2 )\/3)));}.kb-row-layout-id83_e382f9-7f > .kt-row-layout-overlay{opacity:0.30;}@media all and (max-width: 1024px){.kb-row-layout-id83_e382f9-7f > .kt-row-column-wrap > div:not(.added-for-specificity){grid-column:initial;}}@media all and (max-width: 1024px){.kb-row-layout-id83_e382f9-7f > .kt-row-column-wrap{grid-template-columns:minmax(0, 1fr) minmax(0, 6fr) minmax(0, 1fr);}}@media all and (max-width: 767px){.kb-row-layout-id83_e382f9-7f > .kt-row-column-wrap > div:not(.added-for-specificity){grid-column:initial;}.kb-row-layout-id83_e382f9-7f > .kt-row-column-wrap{grid-template-columns:minmax(0, 1fr);}}<\/style><div class=\"kb-row-layout-wrap kb-row-layout-id83_e382f9-7f alignnone wp-block-kadence-rowlayout\"><div class=\"kt-row-column-wrap kt-has-3-columns kt-row-layout-center-exwide kt-tab-layout-inherit kt-mobile-layout-row kt-row-valign-top\">\n<style>.kadence-column83_f73fd1-d5 > .kt-inside-inner-col,.kadence-column83_f73fd1-d5 > .kt-inside-inner-col:before{border-top-left-radius:0px;border-top-right-radius:0px;border-bottom-right-radius:0px;border-bottom-left-radius:0px;}.kadence-column83_f73fd1-d5 > .kt-inside-inner-col{column-gap:var(--global-kb-gap-sm, 1rem);}.kadence-column83_f73fd1-d5 > .kt-inside-inner-col{flex-direction:column;}.kadence-column83_f73fd1-d5 > .kt-inside-inner-col > .aligncenter{width:100%;}.kadence-column83_f73fd1-d5 > .kt-inside-inner-col:before{opacity:0.3;}.kadence-column83_f73fd1-d5{position:relative;}@media all and (max-width: 1024px){.kadence-column83_f73fd1-d5 > .kt-inside-inner-col{flex-direction:column;justify-content:center;}}@media all and (max-width: 767px){.kadence-column83_f73fd1-d5 > .kt-inside-inner-col{flex-direction:column;justify-content:center;}}<\/style>\n<div class=\"wp-block-kadence-column kadence-column83_f73fd1-d5\"><div class=\"kt-inside-inner-col\"><style>.wp-block-kadence-column.kb-section-dir-horizontal > .kt-inside-inner-col > .kt-info-box83_806fe0-45 .kt-blocks-info-box-link-wrap{max-width:unset;}.kt-info-box83_806fe0-45 .kt-blocks-info-box-link-wrap{background:#ffffff;padding-top:var(--global-kb-spacing-xs, 1rem);padding-right:var(--global-kb-spacing-xs, 1rem);padding-bottom:var(--global-kb-spacing-xs, 1rem);padding-left:var(--global-kb-spacing-xs, 1rem);}.kt-info-box83_806fe0-45 .kadence-info-box-icon-container .kt-info-svg-icon, .kt-info-box83_806fe0-45 .kt-info-svg-icon-flip, .kt-info-box83_806fe0-45 .kt-blocks-info-box-number{font-size:50px;}.kt-info-box83_806fe0-45 .kt-blocks-info-box-media{border-radius:3px;overflow:hidden;border-top-width:0px;border-right-width:0px;border-bottom-width:0px;border-left-width:0px;padding-top:10px;padding-right:10px;padding-bottom:10px;padding-left:10px;}.kt-info-box83_806fe0-45 .kt-blocks-info-box-media-container{margin-top:0px;margin-right:15px;margin-bottom:0px;margin-left:15px;}.kt-info-box83_806fe0-45 .kt-blocks-info-box-media .kadence-info-box-image-intrisic img{border-radius:3px;}.kt-info-box83_806fe0-45 .kt-blocks-info-box-learnmore{background:transparent;border-width:0px 0px 0px 0px;padding-top:4px;padding-right:8px;padding-bottom:4px;padding-left:8px;margin-top:10px;margin-right:0px;margin-bottom:10px;margin-left:0px;}<\/style>\n<div class=\"wp-block-kadence-infobox kt-info-box83_806fe0-45\"><span class=\"kt-blocks-info-box-link-wrap info-box-link kt-blocks-info-box-media-align-top kt-info-halign-center\"><div class=\"kt-blocks-info-box-media-container\"><div class=\"kt-blocks-info-box-media kt-info-media-animate-none\"><div class=\"kadence-info-box-icon-container kt-info-icon-animate-none\"><div class=\"kadence-info-box-icon-inner-container\"><span class=\"kb-svg-icon-wrap kb-svg-icon-fe_calendar kt-info-svg-icon\"><svg viewBox=\"0 0 24 24\"  fill=\"none\" stroke=\"currentColor\" stroke-width=\"2\" stroke-linecap=\"round\" stroke-linejoin=\"round\" xmlns=\"http:\/\/www.w3.org\/2000\/svg\"  aria-hidden=\"true\"><rect x=\"3\" y=\"4\" width=\"18\" height=\"18\" rx=\"2\" ry=\"2\"\/><line x1=\"16\" y1=\"2\" x2=\"16\" y2=\"6\"\/><line x1=\"8\" y1=\"2\" x2=\"8\" y2=\"6\"\/><line x1=\"3\" y1=\"10\" x2=\"21\" y2=\"10\"\/><\/svg><\/span><\/div><\/div><\/div><\/div><div class=\"kt-infobox-textcontent\"><h3 class=\"kt-blocks-info-box-title\">mardi<br>18 mars 2025<\/h3><\/div><\/span><\/div><\/div><\/div>\n\n<style>.kadence-column83_0ddafc-33 > .kt-inside-inner-col,.kadence-column83_0ddafc-33 > .kt-inside-inner-col:before{border-top-left-radius:0px;border-top-right-radius:0px;border-bottom-right-radius:0px;border-bottom-left-radius:0px;}.kadence-column83_0ddafc-33 > .kt-inside-inner-col{column-gap:var(--global-kb-gap-sm, 1rem);}.kadence-column83_0ddafc-33 > .kt-inside-inner-col{flex-direction:column;}.kadence-column83_0ddafc-33 > .kt-inside-inner-col > .aligncenter{width:100%;}.kadence-column83_0ddafc-33 > .kt-inside-inner-col:before{opacity:0.3;}.kadence-column83_0ddafc-33{position:relative;}@media all and (max-width: 1024px){.kadence-column83_0ddafc-33 > .kt-inside-inner-col{flex-direction:column;justify-content:center;}}@media all and (max-width: 767px){.kadence-column83_0ddafc-33 > .kt-inside-inner-col{flex-direction:column;justify-content:center;}}<\/style>\n<div class=\"wp-block-kadence-column kadence-column83_0ddafc-33\"><div class=\"kt-inside-inner-col\"><h1 class=\"wp-block-heading has-text-align-center has-large-font-size\">Dialogues <br>au sein du code de commerce&nbsp;<br><\/h1>\n\n<h2 class=\"wp-block-heading has-text-align-center\"><em><strong>Illustrations \u00e0 partir du livre VI<\/strong><\/em><\/h2><\/div><\/div>\n\n<style>.kadence-column83_1edc52-36 > .kt-inside-inner-col,.kadence-column83_1edc52-36 > .kt-inside-inner-col:before{border-top-left-radius:0px;border-top-right-radius:0px;border-bottom-right-radius:0px;border-bottom-left-radius:0px;}.kadence-column83_1edc52-36 > .kt-inside-inner-col{column-gap:var(--global-kb-gap-sm, 1rem);}.kadence-column83_1edc52-36 > .kt-inside-inner-col{flex-direction:column;}.kadence-column83_1edc52-36 > .kt-inside-inner-col > .aligncenter{width:100%;}.kadence-column83_1edc52-36 > .kt-inside-inner-col:before{opacity:0.3;}.kadence-column83_1edc52-36{position:relative;}@media all and (max-width: 1024px){.kadence-column83_1edc52-36 > .kt-inside-inner-col{flex-direction:column;justify-content:center;}}@media all and (max-width: 767px){.kadence-column83_1edc52-36 > .kt-inside-inner-col{flex-direction:column;justify-content:center;}}<\/style>\n<div class=\"wp-block-kadence-column kadence-column83_1edc52-36\"><div class=\"kt-inside-inner-col\"><style>.wp-block-kadence-column.kb-section-dir-horizontal > .kt-inside-inner-col > .kt-info-box83_43cf1a-41 .kt-blocks-info-box-link-wrap{max-width:unset;}.kt-info-box83_43cf1a-41 .kt-blocks-info-box-link-wrap{background:#ffffff;padding-top:var(--global-kb-spacing-xs, 1rem);padding-right:var(--global-kb-spacing-xs, 1rem);padding-bottom:var(--global-kb-spacing-xs, 1rem);padding-left:var(--global-kb-spacing-xs, 1rem);}.kt-info-box83_43cf1a-41 .kadence-info-box-icon-container .kt-info-svg-icon, .kt-info-box83_43cf1a-41 .kt-info-svg-icon-flip, .kt-info-box83_43cf1a-41 .kt-blocks-info-box-number{font-size:50px;}.kt-info-box83_43cf1a-41 .kt-blocks-info-box-media{border-radius:3px;overflow:hidden;border-top-width:0px;border-right-width:0px;border-bottom-width:0px;border-left-width:0px;padding-top:10px;padding-right:10px;padding-bottom:10px;padding-left:10px;}.kt-info-box83_43cf1a-41 .kt-blocks-info-box-media-container{margin-top:0px;margin-right:15px;margin-bottom:0px;margin-left:15px;}.kt-info-box83_43cf1a-41 .kt-blocks-info-box-media .kadence-info-box-image-intrisic img{border-radius:3px;}.kt-info-box83_43cf1a-41 .kt-blocks-info-box-learnmore{background:transparent;border-width:0px 0px 0px 0px;padding-top:4px;padding-right:8px;padding-bottom:4px;padding-left:8px;margin-top:10px;margin-right:0px;margin-bottom:10px;margin-left:0px;}<\/style>\n<div class=\"wp-block-kadence-infobox kt-info-box83_43cf1a-41\"><span class=\"kt-blocks-info-box-link-wrap info-box-link kt-blocks-info-box-media-align-top kt-info-halign-center\"><div class=\"kt-blocks-info-box-media-container\"><div class=\"kt-blocks-info-box-media kt-info-media-animate-none\"><div class=\"kadence-info-box-icon-container kt-info-icon-animate-none\"><div class=\"kadence-info-box-icon-inner-container\"><span class=\"kb-svg-icon-wrap kb-svg-icon-fe_mapPin kt-info-svg-icon\"><svg viewBox=\"0 0 24 24\"  fill=\"none\" stroke=\"currentColor\" stroke-width=\"2\" stroke-linecap=\"round\" stroke-linejoin=\"round\" xmlns=\"http:\/\/www.w3.org\/2000\/svg\"  aria-hidden=\"true\"><path d=\"M21 10c0 7-9 13-9 13s-9-6-9-13a9 9 0 0 1 18 0z\"\/><circle cx=\"12\" cy=\"10\" r=\"3\"\/><\/svg><\/span><\/div><\/div><\/div><\/div><div class=\"kt-infobox-textcontent\"><h3 class=\"kt-blocks-info-box-title\">Universit\u00e9<br>Paris Nanterre<br><strong><em>B\u00e2t. Weber<\/em><\/strong><\/h3><\/div><\/span><\/div><\/div><\/div>\n<\/div><\/div><p class=\"has-text-align-right\"><\/p><p class=\"has-drop-cap\">L&#8217;objet de ce colloque est de r\u00e9fl\u00e9chir aux interactions existant entre les diff\u00e9rents livres&nbsp; constituant le code de commerce, en prenant pour axe central son livre VI relatif au droit des&nbsp; entreprises en difficult\u00e9. Ce dernier pr\u00e9sente la particularit\u00e9 de r\u00e9gir, pour un temps souhait\u00e9 bref, la vie de l&#8217;entreprise en vue de trouver des solutions aux difficult\u00e9s \u00e9conomiques,&nbsp; financi\u00e8res ou juridiques qu\u2019elle rencontre. Ce faisant, et parce qu&#8217;il ne saurait y avoir de&nbsp; d\u00e9rogations en tous points, il est naturellement appel\u00e9 \u00e0 interagir avec l&#8217;ensemble des autres&nbsp; r\u00e8gles qui organisent l&#8217;activit\u00e9 de l&#8217;entreprise <em>in bonis<\/em>.&nbsp;<\/p><style>.kb-row-layout-id83_ed5ded-83 > .kt-row-column-wrap{align-content:start;}:where(.kb-row-layout-id83_ed5ded-83 > .kt-row-column-wrap) > .wp-block-kadence-column{justify-content:start;}.kb-row-layout-id83_ed5ded-83 > .kt-row-column-wrap{column-gap:var(--global-kb-gap-md, 2rem);row-gap:var(--global-kb-gap-md, 2rem);padding-top:var(--global-kb-spacing-sm, 1.5rem);padding-bottom:var(--global-kb-spacing-sm, 1.5rem);grid-template-columns:minmax(0, 2fr) minmax(0, 1fr);}.kb-row-layout-id83_ed5ded-83 > .kt-row-layout-overlay{opacity:0.30;}@media all and (max-width: 1024px){.kb-row-layout-id83_ed5ded-83 > .kt-row-column-wrap{grid-template-columns:minmax(0, 2fr) minmax(0, 1fr);}}@media all and (max-width: 767px){.kb-row-layout-id83_ed5ded-83 > .kt-row-column-wrap{grid-template-columns:minmax(0, 1fr);}}<\/style><div class=\"kb-row-layout-wrap kb-row-layout-id83_ed5ded-83 alignnone wp-block-kadence-rowlayout\"><div class=\"kt-row-column-wrap kt-has-2-columns kt-row-layout-left-golden kt-tab-layout-inherit kt-mobile-layout-row kt-row-valign-top\">\n<style>.kadence-column83_70c804-3b > .kt-inside-inner-col,.kadence-column83_70c804-3b > .kt-inside-inner-col:before{border-top-left-radius:0px;border-top-right-radius:0px;border-bottom-right-radius:0px;border-bottom-left-radius:0px;}.kadence-column83_70c804-3b > .kt-inside-inner-col{column-gap:var(--global-kb-gap-sm, 1rem);}.kadence-column83_70c804-3b > .kt-inside-inner-col{flex-direction:column;}.kadence-column83_70c804-3b > .kt-inside-inner-col > .aligncenter{width:100%;}.kadence-column83_70c804-3b > .kt-inside-inner-col:before{opacity:0.3;}.kadence-column83_70c804-3b{position:relative;}@media all and (max-width: 1024px){.kadence-column83_70c804-3b > .kt-inside-inner-col{flex-direction:column;justify-content:center;}}@media all and (max-width: 767px){.kadence-column83_70c804-3b > .kt-inside-inner-col{flex-direction:column;justify-content:center;}}<\/style>\n<div class=\"wp-block-kadence-column kadence-column83_70c804-3b\"><div class=\"kt-inside-inner-col\"><p class=\"has-drop-cap\">Parfois, le l\u00e9gislateur pr\u00e9voit express\u00e9ment la coordination des textes port\u00e9s par les diff\u00e9rents&nbsp; livres du code, qu\u2019il s\u2019agisse d\u2019un simple renvoi ou d\u2019une d\u00e9rogation expresse aux r\u00e8gles&nbsp; ordinaires de fonctionnement de l&#8217;entreprise. Le travail du commentateur n\u2019en est pourtant pas&nbsp; toujours facilit\u00e9, la g\u00e9n\u00e9ralit\u00e9 ou l\u2019absence de mise \u00e0 jour des renvois n&#8217;assurant pas une&nbsp; coordination claire. Plus souvent, le l\u00e9gislateur ne pr\u00e9voit aucun lien entre deux dispositions qui,&nbsp; pourtant, traitent de questions similaires. Si le r\u00e9flexe est alors de voir dans le droit des&nbsp; entreprises en difficult\u00e9 une d\u00e9rogation, rien ne l\u2019impose ; il convient alors de&nbsp; rechercher comment concilier ces normes dans le respect de l&#8217;ensemble des int\u00e9r\u00eats concern\u00e9s.&nbsp;<\/p><\/div><\/div>\n\n<style>.kadence-column83_f8bf07-b9 > .kt-inside-inner-col,.kadence-column83_f8bf07-b9 > .kt-inside-inner-col:before{border-top-left-radius:0px;border-top-right-radius:0px;border-bottom-right-radius:0px;border-bottom-left-radius:0px;}.kadence-column83_f8bf07-b9 > .kt-inside-inner-col{column-gap:var(--global-kb-gap-sm, 1rem);}.kadence-column83_f8bf07-b9 > .kt-inside-inner-col{flex-direction:column;}.kadence-column83_f8bf07-b9 > .kt-inside-inner-col > .aligncenter{width:100%;}.kadence-column83_f8bf07-b9 > .kt-inside-inner-col:before{opacity:0.3;}.kadence-column83_f8bf07-b9{position:relative;}@media all and (max-width: 1024px){.kadence-column83_f8bf07-b9 > .kt-inside-inner-col{flex-direction:column;justify-content:center;}}@media all and (max-width: 767px){.kadence-column83_f8bf07-b9 > .kt-inside-inner-col{flex-direction:column;justify-content:center;}}<\/style>\n<div class=\"wp-block-kadence-column kadence-column83_f8bf07-b9\"><div class=\"kt-inside-inner-col\"><style>.wp-block-kadence-column.kb-section-dir-horizontal > .kt-inside-inner-col > .kt-info-box83_aca16a-03 .kt-blocks-info-box-link-wrap{max-width:unset;}.kt-info-box83_aca16a-03 .kt-blocks-info-box-link-wrap{border-top:5px solid var(--global-palette1, #3182CE);border-right:5px solid var(--global-palette1, #3182CE);border-bottom:5px solid var(--global-palette1, #3182CE);border-left:5px solid var(--global-palette1, #3182CE);border-top-left-radius:20px;border-top-right-radius:20px;border-bottom-right-radius:20px;border-bottom-left-radius:20px;background:rgba(77,64,255,0.17);padding-top:var(--global-kb-spacing-xs, 1rem);padding-right:var(--global-kb-spacing-xs, 1rem);padding-bottom:var(--global-kb-spacing-xs, 1rem);padding-left:var(--global-kb-spacing-xs, 1rem);}.kt-info-box83_aca16a-03 .kt-blocks-info-box-link-wrap:hover{background:rgba(77,64,255,0.09);}.kt-info-box83_aca16a-03 .kadence-info-box-icon-container .kt-info-svg-icon, .kt-info-box83_aca16a-03 .kt-info-svg-icon-flip, .kt-info-box83_aca16a-03 .kt-blocks-info-box-number{font-size:50px;}.kt-info-box83_aca16a-03 .kt-blocks-info-box-media{border-top-width:0px;border-right-width:0px;border-bottom-width:0px;border-left-width:0px;padding-top:10px;padding-right:10px;padding-bottom:10px;padding-left:10px;}.kt-info-box83_aca16a-03 .kt-blocks-info-box-media-container{margin-top:0px;margin-right:15px;margin-bottom:0px;margin-left:15px;}.kt-info-box83_aca16a-03 .kt-blocks-info-box-learnmore{background:transparent;border-width:0px 0px 0px 0px;padding-top:4px;padding-right:8px;padding-bottom:4px;padding-left:8px;margin-top:10px;margin-right:0px;margin-bottom:10px;margin-left:0px;}@media all and (max-width: 1024px){.kt-info-box83_aca16a-03 .kt-blocks-info-box-link-wrap{border-top:5px solid var(--global-palette1, #3182CE);border-right:5px solid var(--global-palette1, #3182CE);border-bottom:5px solid var(--global-palette1, #3182CE);border-left:5px solid var(--global-palette1, #3182CE);}}@media all and (max-width: 767px){.kt-info-box83_aca16a-03 .kt-blocks-info-box-link-wrap{border-top:5px solid var(--global-palette1, #3182CE);border-right:5px solid var(--global-palette1, #3182CE);border-bottom:5px solid var(--global-palette1, #3182CE);border-left:5px solid var(--global-palette1, #3182CE);}}<\/style>\n<div class=\"wp-block-kadence-infobox kt-info-box83_aca16a-03\"><a class=\"kt-blocks-info-box-link-wrap info-box-link kt-blocks-info-box-media-align-top kt-info-halign-center\" href=\"https:\/\/dialogues-code-commerce.parisnanterre.fr\/index.php\/produit\/inscription-au-colloque-magistrats-et-universitaires-copie\/\"><div class=\"kt-blocks-info-box-media-container\"><div class=\"kt-blocks-info-box-media kt-info-media-animate-none\"><div class=\"kadence-info-box-icon-container kt-info-icon-animate-none\"><div class=\"kadence-info-box-icon-inner-container\"><span class=\"kb-svg-icon-wrap kb-svg-icon-fas_address-card kt-info-svg-icon\"><svg viewBox=\"0 0 576 512\"  fill=\"currentColor\" xmlns=\"http:\/\/www.w3.org\/2000\/svg\"  aria-hidden=\"true\"><path d=\"M528 32H48C21.5 32 0 53.5 0 80v352c0 26.5 21.5 48 48 48h480c26.5 0 48-21.5 48-48V80c0-26.5-21.5-48-48-48zm-352 96c35.3 0 64 28.7 64 64s-28.7 64-64 64-64-28.7-64-64 28.7-64 64-64zm112 236.8c0 10.6-10 19.2-22.4 19.2H86.4C74 384 64 375.4 64 364.8v-19.2c0-31.8 30.1-57.6 67.2-57.6h5c12.3 5.1 25.7 8 39.8 8s27.6-2.9 39.8-8h5c37.1 0 67.2 25.8 67.2 57.6v19.2zM512 312c0 4.4-3.6 8-8 8H360c-4.4 0-8-3.6-8-8v-16c0-4.4 3.6-8 8-8h144c4.4 0 8 3.6 8 8v16zm0-64c0 4.4-3.6 8-8 8H360c-4.4 0-8-3.6-8-8v-16c0-4.4 3.6-8 8-8h144c4.4 0 8 3.6 8 8v16zm0-64c0 4.4-3.6 8-8 8H360c-4.4 0-8-3.6-8-8v-16c0-4.4 3.6-8 8-8h144c4.4 0 8 3.6 8 8v16z\"\/><\/svg><\/span><\/div><\/div><\/div><\/div><div class=\"kt-infobox-textcontent\"><h2 class=\"kt-blocks-info-box-title\">Inscription en ligne<\/h2><p class=\"kt-blocks-info-box-text\">l&#8217;inscription est obligatoire ; le r\u00e8glement s&#8217;op\u00e8re par carte bancaire en ligne<\/p><\/div><\/a><\/div><\/div><\/div>\n<\/div><\/div><p class=\"has-drop-cap\"><\/p><p class=\"has-drop-cap\">De l&#8217;ignorance r\u00e9ciproque \u00e0 l&#8217;interaction fructueuse, le dialogue des diff\u00e9rents livres du code de&nbsp; commerce est ainsi riche d&#8217;enseignements sur la m\u00e9thode l\u00e9gislative, la r\u00e9activit\u00e9 des praticiens&nbsp; du droit et de la jurisprudence et l&#8217;\u00e9volution des int\u00e9r\u00eats r\u00e9gis par le droit des affaires. Au-del\u00e0 des pr\u00e9occupations de fond, cette recherche des conditions d\u2019un dialogue de qualit\u00e9&nbsp; entre les livres du code de commerce pr\u00e9sente un int\u00e9r\u00eat particulier \u00e0 l\u2019heure o\u00f9 des r\u00e9formes&nbsp; d\u2019ampleur des livres II et VI du code de commerce sont \u00e9voqu\u00e9es, qui semblent \u00e0 nouveau&nbsp; con\u00e7ues de fa\u00e7on autonome au risque de renouveler des difficult\u00e9s d\u00e9j\u00e0 identifi\u00e9es.<\/p><p><\/p>","protected":false},"excerpt":{"rendered":"<p>Dialogues au sein du code de commerce&nbsp; Illustrations \u00e0 partir du livre VI L&#8217;objet de ce colloque est de r\u00e9fl\u00e9chir aux interactions existant entre les diff\u00e9rents livres&nbsp; constituant le code de commerce, en prenant pour axe central son livre VI relatif au droit des&nbsp; entreprises en difficult\u00e9. Ce dernier pr\u00e9sente la particularit\u00e9 de r\u00e9gir, pour&#8230;<\/p>\n","protected":false},"author":1,"featured_media":64,"parent":0,"menu_order":0,"comment_status":"closed","ping_status":"closed","template":"","meta":{"_kad_blocks_custom_css":"","_kad_blocks_head_custom_js":"","_kad_blocks_body_custom_js":"","_kad_blocks_footer_custom_js":"","_kadence_starter_templates_imported_post":false,"_kad_post_transparent":"","_kad_post_title":"","_kad_post_layout":"","_kad_post_sidebar_id":"","_kad_post_content_style":"","_kad_post_vertical_padding":"","_kad_post_feature":"","_kad_post_feature_position":"","_kad_post_header":false,"_kad_post_footer":false,"footnotes":""},"class_list":["post-83","page","type-page","status-publish","has-post-thumbnail","hentry"],"taxonomy_info":[],"featured_image_src_large":["https:\/\/dialogues-code-commerce.parisnanterre.fr\/wp-content\/uploads\/2024\/12\/20241125_133615-scaled-e1734359819974-1024x275.jpg",1024,275,true],"author_info":{"display_name":"admin","author_link":"https:\/\/dialogues-code-commerce.parisnanterre.fr\/index.php\/author\/mlaroche\/"},"comment_info":0,"_links":{"self":[{"href":"https:\/\/dialogues-code-commerce.parisnanterre.fr\/index.php\/wp-json\/wp\/v2\/pages\/83","targetHints":{"allow":["GET"]}}],"collection":[{"href":"https:\/\/dialogues-code-commerce.parisnanterre.fr\/index.php\/wp-json\/wp\/v2\/pages"}],"about":[{"href":"https:\/\/dialogues-code-commerce.parisnanterre.fr\/index.php\/wp-json\/wp\/v2\/types\/page"}],"author":[{"embeddable":true,"href":"https:\/\/dialogues-code-commerce.parisnanterre.fr\/index.php\/wp-json\/wp\/v2\/users\/1"}],"replies":[{"embeddable":true,"href":"https:\/\/dialogues-code-commerce.parisnanterre.fr\/index.php\/wp-json\/wp\/v2\/comments?post=83"}],"version-history":[{"count":26,"href":"https:\/\/dialogues-code-commerce.parisnanterre.fr\/index.php\/wp-json\/wp\/v2\/pages\/83\/revisions"}],"predecessor-version":[{"id":276,"href":"https:\/\/dialogues-code-commerce.parisnanterre.fr\/index.php\/wp-json\/wp\/v2\/pages\/83\/revisions\/276"}],"wp:featuredmedia":[{"embeddable":true,"href":"https:\/\/dialogues-code-commerce.parisnanterre.fr\/index.php\/wp-json\/wp\/v2\/media\/64"}],"wp:attachment":[{"href":"https:\/\/dialogues-code-commerce.parisnanterre.fr\/index.php\/wp-json\/wp\/v2\/media?parent=83"}],"curies":[{"name":"wp","href":"https:\/\/api.w.org\/{rel}","templated":true}]}}