{"id":154,"date":"2024-12-18T13:10:12","date_gmt":"2024-12-18T13:10:12","guid":{"rendered":"https:\/\/dialogues-code-commerce.parisnanterre.fr\/?post_type=product&#038;p=154"},"modified":"2025-01-05T13:12:02","modified_gmt":"2025-01-05T13:12:02","slug":"inscription-au-colloque-magistrats-et-universitaires-copie","status":"publish","type":"product","link":"https:\/\/dialogues-code-commerce.parisnanterre.fr\/index.php\/produit\/inscription-au-colloque-magistrats-et-universitaires-copie\/","title":{"rendered":"Inscription au colloque"},"content":{"rendered":"<p><em>Inscription au colloque<\/em><\/p>\n<h3 class=\"wp-block-heading has-text-align-center\" style=\"text-align: center;\">Dialogues au sein du code de commerce<br \/>\n<strong>\u2013 Illustrations \u00e0 partir du livre VI \u2013\u00a0<\/strong><\/h3>\n<h6 style=\"text-align: center;\"><em>le mardi 18 mars 2025 \u00e0 l&#8217;universit\u00e9 de Paris Nanterre (amphith\u00e9\u00e2tre Max Weber)<\/em><\/h6>\n<p>Le tarif d&#8217;inscription au colloque varie en fonction de votre situation :<\/p>\n<ul>\n<li>pour les universitaires (\u00e9tudiants, personnels et enseignants), les magistrats et juges consulaires et tout autre agent de l&#8217;administration : gratuit,<\/li>\n<li>pour tous les autres professionnels : 80\u20ac.<\/li>\n<\/ul>\n<p>La participation au d\u00e9jeuner (buffet) est fix\u00e9e \u00e0 30\u20ac <span style=\"font-family: var(--global-body-font-family);\">pour l&#8217;ensemble des participants<\/span><span style=\"font-family: var(--global-body-font-family);\">\u00a0<\/span><span style=\"font-family: var(--global-body-font-family);\">.<\/span><\/p>\n","protected":false},"excerpt":{"rendered":"<p>Veuillez indiquer votre statut et pr\u00e9ciser si vous souhaitez participer ou non au d\u00e9jeuner (buffet)<\/p>\n","protected":false},"featured_media":171,"template":"","meta":{"_kad_blocks_custom_css":"","_kad_blocks_head_custom_js":"","_kad_blocks_body_custom_js":"","_kad_blocks_footer_custom_js":"","_kadence_starter_templates_imported_post":false,"_kad_post_transparent":"default","_kad_post_title":"","_kad_post_layout":"default","_kad_post_sidebar_id":"","_kad_post_content_style":"default","_kad_post_vertical_padding":"default","_kad_post_feature":"","_kad_post_feature_position":"","_kad_post_header":false,"_kad_post_footer":false},"product_cat":[18],"product_tag":[],"class_list":{"0":"post-154","1":"product","2":"type-product","3":"status-publish","4":"has-post-thumbnail","6":"product_cat-colloque","8":"first","9":"instock","10":"sold-individually","11":"shipping-taxable","12":"purchasable","13":"product-type-variable","14":"entry","15":"content-bg","16":"loop-entry"},"taxonomy_info":{"product_cat":[{"value":18,"label":"colloque"}]},"featured_image_src_large":["https:\/\/dialogues-code-commerce.parisnanterre.fr\/wp-content\/uploads\/2024\/12\/20241125_133615-1-1024x739.jpg",1024,739,true],"author_info":[],"comment_info":"","_links":{"self":[{"href":"https:\/\/dialogues-code-commerce.parisnanterre.fr\/index.php\/wp-json\/wp\/v2\/product\/154","targetHints":{"allow":["GET"]}}],"collection":[{"href":"https:\/\/dialogues-code-commerce.parisnanterre.fr\/index.php\/wp-json\/wp\/v2\/product"}],"about":[{"href":"https:\/\/dialogues-code-commerce.parisnanterre.fr\/index.php\/wp-json\/wp\/v2\/types\/product"}],"wp:featuredmedia":[{"embeddable":true,"href":"https:\/\/dialogues-code-commerce.parisnanterre.fr\/index.php\/wp-json\/wp\/v2\/media\/171"}],"wp:attachment":[{"href":"https:\/\/dialogues-code-commerce.parisnanterre.fr\/index.php\/wp-json\/wp\/v2\/media?parent=154"}],"wp:term":[{"taxonomy":"product_cat","embeddable":true,"href":"https:\/\/dialogues-code-commerce.parisnanterre.fr\/index.php\/wp-json\/wp\/v2\/product_cat?post=154"},{"taxonomy":"product_tag","embeddable":true,"href":"https:\/\/dialogues-code-commerce.parisnanterre.fr\/index.php\/wp-json\/wp\/v2\/product_tag?post=154"}],"curies":[{"name":"wp","href":"https:\/\/api.w.org\/{rel}","templated":true}]}}